{"id":133,"date":"2025-10-02T16:49:30","date_gmt":"2025-10-02T16:49:30","guid":{"rendered":"http:\/\/dulinski.com.pl\/?page_id=133"},"modified":"2025-10-08T12:04:45","modified_gmt":"2025-10-08T12:04:45","slug":"dlaczego","status":"publish","type":"page","link":"http:\/\/dulinski.com.pl\/?page_id=133","title":{"rendered":"Dlaczego"},"content":{"rendered":"\t\t<div data-elementor-type=\"wp-page\" data-elementor-id=\"133\" class=\"elementor elementor-133\">\n\t\t\t\t<div class=\"elementor-element elementor-element-dc7418c e-grid e-con-boxed e-con e-parent\" data-id=\"dc7418c\" data-element_type=\"container\" data-e-type=\"container\">\n\t\t\t\t\t<div class=\"e-con-inner\">\n\t\t\t\t<div class=\"elementor-element elementor-element-168aea1 elementor-widget elementor-widget-image\" data-id=\"168aea1\" data-element_type=\"widget\" data-e-type=\"widget\" data-widget_type=\"image.default\">\n\t\t\t\t\t\t\t\t\t\t\t\t\t\t\t<img fetchpriority=\"high\" decoding=\"async\" width=\"570\" height=\"570\" src=\"http:\/\/dulinski.com.pl\/wp-content\/uploads\/2025\/10\/serce.png\" class=\"attachment-large size-large wp-image-166\" alt=\"PASJA\" srcset=\"http:\/\/dulinski.com.pl\/wp-content\/uploads\/2025\/10\/serce.png 570w, http:\/\/dulinski.com.pl\/wp-content\/uploads\/2025\/10\/serce-300x300.png 300w, http:\/\/dulinski.com.pl\/wp-content\/uploads\/2025\/10\/serce-150x150.png 150w\" sizes=\"(max-width: 570px) 100vw, 570px\" \/>\t\t\t\t\t\t\t\t\t\t\t\t\t\t\t<\/div>\n\t\t\t\t<div class=\"elementor-element elementor-element-87db8b7 elementor-widget elementor-widget-image\" data-id=\"87db8b7\" data-element_type=\"widget\" data-e-type=\"widget\" data-widget_type=\"image.default\">\n\t\t\t\t\t\t\t\t\t\t\t\t\t\t\t<img decoding=\"async\" width=\"570\" height=\"570\" src=\"http:\/\/dulinski.com.pl\/wp-content\/uploads\/2025\/10\/pro.png\" class=\"attachment-large size-large wp-image-170\" alt=\"DO\u015aWIADCZENIE\" srcset=\"http:\/\/dulinski.com.pl\/wp-content\/uploads\/2025\/10\/pro.png 570w, http:\/\/dulinski.com.pl\/wp-content\/uploads\/2025\/10\/pro-300x300.png 300w, http:\/\/dulinski.com.pl\/wp-content\/uploads\/2025\/10\/pro-150x150.png 150w\" sizes=\"(max-width: 570px) 100vw, 570px\" \/>\t\t\t\t\t\t\t\t\t\t\t\t\t\t\t<\/div>\n\t\t\t\t<div class=\"elementor-element elementor-element-2236d5b elementor-widget elementor-widget-image\" data-id=\"2236d5b\" data-element_type=\"widget\" data-e-type=\"widget\" data-widget_type=\"image.default\">\n\t\t\t\t\t\t\t\t\t\t\t\t\t\t\t<img decoding=\"async\" width=\"570\" height=\"570\" src=\"http:\/\/dulinski.com.pl\/wp-content\/uploads\/2025\/10\/wsparcie.png\" class=\"attachment-large size-large wp-image-171\" alt=\"WSPARCIE\" srcset=\"http:\/\/dulinski.com.pl\/wp-content\/uploads\/2025\/10\/wsparcie.png 570w, http:\/\/dulinski.com.pl\/wp-content\/uploads\/2025\/10\/wsparcie-300x300.png 300w, http:\/\/dulinski.com.pl\/wp-content\/uploads\/2025\/10\/wsparcie-150x150.png 150w\" sizes=\"(max-width: 570px) 100vw, 570px\" \/>\t\t\t\t\t\t\t\t\t\t\t\t\t\t\t<\/div>\n\t\t\t\t<div class=\"elementor-element elementor-element-4f6441a elementor-widget elementor-widget-heading\" data-id=\"4f6441a\" data-element_type=\"widget\" data-e-type=\"widget\" data-widget_type=\"heading.default\">\n\t\t\t\t\t<h2 class=\"elementor-heading-title elementor-size-default\">Pasja<\/h2>\t\t\t\t<\/div>\n\t\t\t\t<div class=\"elementor-element elementor-element-22d0d2b elementor-widget elementor-widget-heading\" data-id=\"22d0d2b\" data-element_type=\"widget\" data-e-type=\"widget\" data-widget_type=\"heading.default\">\n\t\t\t\t\t<h2 class=\"elementor-heading-title elementor-size-default\">Do\u015bwiadczenie<\/h2>\t\t\t\t<\/div>\n\t\t\t\t<div class=\"elementor-element elementor-element-7d18f53 elementor-widget elementor-widget-heading\" data-id=\"7d18f53\" data-element_type=\"widget\" data-e-type=\"widget\" data-widget_type=\"heading.default\">\n\t\t\t\t\t<h2 class=\"elementor-heading-title elementor-size-default\">Wsparcie<\/h2>\t\t\t\t<\/div>\n\t\t\t\t<div class=\"elementor-element elementor-element-0aabfd3 elementor-widget elementor-widget-text-editor\" data-id=\"0aabfd3\" data-element_type=\"widget\" data-e-type=\"widget\" data-widget_type=\"text-editor.default\">\n\t\t\t\t\t\t\t\t\t<p>Pracuj\u0119 z pasj\u0105 i wk\u0142adam w swoj\u0105 prac\u0119 100% serca.<\/p>\t\t\t\t\t\t\t\t<\/div>\n\t\t\t\t<div class=\"elementor-element elementor-element-1c541a0 elementor-widget elementor-widget-text-editor\" data-id=\"1c541a0\" data-element_type=\"widget\" data-e-type=\"widget\" data-widget_type=\"text-editor.default\">\n\t\t\t\t\t\t\t\t\t<p>Stolarz w trzecim pokoleniu &#8211; tak to ja.<\/p>\t\t\t\t\t\t\t\t<\/div>\n\t\t\t\t<div class=\"elementor-element elementor-element-727a584 elementor-widget elementor-widget-text-editor\" data-id=\"727a584\" data-element_type=\"widget\" data-e-type=\"widget\" data-widget_type=\"text-editor.default\">\n\t\t\t\t\t\t\t\t\t<p>Wiem co robi\u0119 i dlaczego. na ka\u017cdym etapie r\u0119cz\u0119 za to co robi\u0119. Zapewniam wsparcie i doradztwo. Slogan &#8222;Zbuduj\u0119 Tw\u00f3j spok\u00f3j&#8221; nie jest przypadkowy<\/p>\t\t\t\t\t\t\t\t<\/div>\n\t\t\t\t\t<\/div>\n\t\t\t\t<\/div>\n\t\t\t\t<\/div>\n\t\t","protected":false},"excerpt":{"rendered":"<p>Pasja Do\u015bwiadczenie Wsparcie Pracuj\u0119 z pasj\u0105 i wk\u0142adam w swoj\u0105 prac\u0119 100% serca. Stolarz w trzecim pokoleniu &#8211; tak to [&hellip;]<\/p>\n","protected":false},"author":1,"featured_media":0,"parent":0,"menu_order":0,"comment_status":"closed","ping_status":"closed","template":"","meta":{"site-sidebar-layout":"no-sidebar","site-content-layout":"","ast-site-content-layout":"full-width-container","site-content-style":"default","site-sidebar-style":"default","ast-global-header-display":"","ast-banner-title-visibility":"","ast-main-header-display":"","ast-hfb-above-header-display":"","ast-hfb-below-header-display":"","ast-hfb-mobile-header-display":"","site-post-title":"disabled","ast-breadcrumbs-content":"","ast-featured-img":"disabled","footer-sml-layout":"","theme-transparent-header-meta":"","adv-header-id-meta":"","stick-header-meta":"","header-above-stick-meta":"","header-main-stick-meta":"","header-below-stick-meta":"","astra-migrate-meta-layouts":"default","ast-page-background-enabled":"default","ast-page-background-meta":{"desktop":{"background-color":"var(--ast-global-color-5)","background-image":"","background-repeat":"repeat","background-position":"center center","background-size":"auto","background-attachment":"scroll","background-type":"","background-media":"","overlay-type":"","overlay-color":"","overlay-opacity":"","overlay-gradient":""},"tablet":{"background-color":"","background-image":"","background-repeat":"repeat","background-position":"center center","background-size":"auto","background-attachment":"scroll","background-type":"","background-media":"","overlay-type":"","overlay-color":"","overlay-opacity":"","overlay-gradient":""},"mobile":{"background-color":"","background-image":"","background-repeat":"repeat","background-position":"center center","background-size":"auto","background-attachment":"scroll","background-type":"","background-media":"","overlay-type":"","overlay-color":"","overlay-opacity":"","overlay-gradient":""}},"ast-content-background-meta":{"desktop":{"background-color":"var(--ast-global-color-4)","background-image":"","background-repeat":"repeat","background-position":"center center","background-size":"auto","background-attachment":"scroll","background-type":"","background-media":"","overlay-type":"","overlay-color":"","overlay-opacity":"","overlay-gradient":""},"tablet":{"background-color":"var(--ast-global-color-4)","background-image":"","background-repeat":"repeat","background-position":"center center","background-size":"auto","background-attachment":"scroll","background-type":"","background-media":"","overlay-type":"","overlay-color":"","overlay-opacity":"","overlay-gradient":""},"mobile":{"background-color":"var(--ast-global-color-4)","background-image":"","background-repeat":"repeat","background-position":"center center","background-size":"auto","background-attachment":"scroll","background-type":"","background-media":"","overlay-type":"","overlay-color":"","overlay-opacity":"","overlay-gradient":""}},"footnotes":""},"class_list":["post-133","page","type-page","status-publish","hentry"],"_links":{"self":[{"href":"http:\/\/dulinski.com.pl\/index.php?rest_route=\/wp\/v2\/pages\/133","targetHints":{"allow":["GET"]}}],"collection":[{"href":"http:\/\/dulinski.com.pl\/index.php?rest_route=\/wp\/v2\/pages"}],"about":[{"href":"http:\/\/dulinski.com.pl\/index.php?rest_route=\/wp\/v2\/types\/page"}],"author":[{"embeddable":true,"href":"http:\/\/dulinski.com.pl\/index.php?rest_route=\/wp\/v2\/users\/1"}],"replies":[{"embeddable":true,"href":"http:\/\/dulinski.com.pl\/index.php?rest_route=%2Fwp%2Fv2%2Fcomments&post=133"}],"version-history":[{"count":22,"href":"http:\/\/dulinski.com.pl\/index.php?rest_route=\/wp\/v2\/pages\/133\/revisions"}],"predecessor-version":[{"id":236,"href":"http:\/\/dulinski.com.pl\/index.php?rest_route=\/wp\/v2\/pages\/133\/revisions\/236"}],"wp:attachment":[{"href":"http:\/\/dulinski.com.pl\/index.php?rest_route=%2Fwp%2Fv2%2Fmedia&parent=133"}],"curies":[{"name":"wp","href":"https:\/\/api.w.org\/{rel}","templated":true}]}}