{"id":309,"date":"2026-04-02T04:14:51","date_gmt":"2026-04-02T04:14:51","guid":{"rendered":"https:\/\/dulinski.com.pl\/?page_id=309"},"modified":"2026-04-02T04:14:51","modified_gmt":"2026-04-02T04:14:51","slug":"obowiazek-informacyjny-rodo","status":"publish","type":"page","link":"https:\/\/dulinski.com.pl\/?page_id=309","title":{"rendered":"Obowi\u0105zek informacyjny RODO"},"content":{"rendered":"\n<p>Poni\u017csza informacja stanowi zwi\u0119z\u0142y, zrozumia\u0142y i przejrzysty skr\u00f3t informacji zamieszczonych w&nbsp;<a href=\"https:\/\/wheelness.eu\/polityka-prywatnosci\">Polityce Prywatno\u015bci<\/a>&nbsp;odno\u015bnie Administratora danych, celu i sposobu przetwarzania danych osobowych oraz Twoich praw w zwi\u0105zku z tym przetwarzaniem, w formie wymaganej do spe\u0142nienia obowi\u0105zku informacyjnego RODO. Szczeg\u00f3\u0142y dotycz\u0105ce sposobu przetwarzania i podmiot\u00f3w uczestnicz\u0105cych w tym procesie dost\u0119pne s\u0105 we wskazanej polityce.<\/p>\n\n\n\n<h4 class=\"wp-block-heading\">Kto jest administratorem danych?<\/h4>\n\n\n\n<p>Administratorem Danych Osobowych (dalej Administrator) jest jest Fundacja \u201cEcho Nadziei Edukacja i Wsparcie\u201d wpisana do Krajowego Rejestru S\u0105dowego pod numerem 0001210420, z siedzib\u0105 84-200 Wejherowo, ul Jana III Sobieskiego 306\/13, NIP: 5882540562, Regon: 543470596, \u015bwiadcz\u0105ca us\u0142ugi drog\u0105 elektroniczn\u0105 za po\u015brednictwem Serwisu, \u015bwiadcz\u0105ca us\u0142ugi drog\u0105 elektroniczn\u0105 za po\u015brednictwem Serwisu<\/p>\n\n\n\n<h4 class=\"wp-block-heading\">Jak mo\u017cna skontaktowa\u0107 si\u0119 z administratorem danych?<\/h4>\n\n\n\n<p>Z Administratorem mo\u017cna skontaktowa\u0107 si\u0119 w jeden z poni\u017cszych sposob\u00f3w<\/p>\n\n\n\n<ul class=\"wp-block-list\">\n<li>Adres pocztowy \u2013 Fundacja Echo Nadziei Edukacja i Wsparcie, 84-200 Wejherowo, ul. Jana III Sobieskiego 306\/13<\/li>\n\n\n\n<li>Adres poczty elektronicznej \u2013 info@dulinski.com.pl<\/li>\n\n\n\n<li>Formularz kontaktowy \u2013 dost\u0119pny pod adresem: \/kontakt<\/li>\n<\/ul>\n\n\n\n<h4 class=\"wp-block-heading\">Czy Administrator powo\u0142a\u0142 Inspektora Danych Osobowych?<\/h4>\n\n\n\n<p>Na podstawie Art. 37 RODO, Administrator nie powo\u0142a\u0142 Inspektora Ochrony Danych.<\/p>\n\n\n\n<p>W sprawach dotycz\u0105cych przetwarzania danych, w tym danych osobowych, nale\u017cy kontaktowa\u0107 si\u0119 bezpo\u015brednio z Administratorem.<\/p>\n\n\n\n<h4 class=\"wp-block-heading\">Sk\u0105d pozyskujemy dane osobowe i jakie s\u0105 ich \u017ar\u00f3d\u0142a?<\/h4>\n\n\n\n<p>Dane pozyskiwane s\u0105 z nast\u0119puj\u0105cych \u017ar\u00f3de\u0142:<\/p>\n\n\n\n<ul class=\"wp-block-list\">\n<li>od os\u00f3b, kt\u00f3rych dane dotycz\u0105<\/li>\n\n\n\n<li>w przypadku rejestracji przy u\u017cyciu portali spo\u0142eczno\u015bciowych, za wyra\u017con\u0105 \u015bwiadom\u0105 zgod\u0105 tych os\u00f3b, z tych portali spo\u0142eczno\u015bciowych<\/li>\n<\/ul>\n\n\n\n<h4 class=\"wp-block-heading\">Jaki jest zakres przetwarzanych przez nas danych osobowych?<\/h4>\n\n\n\n<p>W serwisie przetwarzane s\u0105 dane osobowe zwyk\u0142e, podane dobrowolnie przez osoby, kt\u00f3rych dotycz\u0105<br>(Np. imi\u0119 i nazwisko, login, adres e-mail, telefon, adres IP, itp.)<\/p>\n\n\n\n<p>Szczeg\u00f3\u0142owy zakres przetwarzanych danych dost\u0119pny jest w&nbsp;<a href=\"https:\/\/wheelness.eu\/polityka-prywatnosci\">Polityce Prywatno\u015bci<\/a>.<\/p>\n\n\n\n<h4 class=\"wp-block-heading\">Jakie s\u0105 cele przetwarzania przez nas danych?<\/h4>\n\n\n\n<p>Dane osobowe dobrowolnie podane przez U\u017cytkownik\u00f3w s\u0105 przetwarzane w jednym z nast\u0119puj\u0105cych cel\u00f3w:<\/p>\n\n\n\n<ul class=\"wp-block-list\">\n<li>Realizacji us\u0142ug elektronicznych:\n<ul class=\"wp-block-list\">\n<li>Us\u0142ugi rejestracji i utrzymania konta U\u017cytkownika w Serwisie i funkcjonalno\u015bci z nim zwi\u0105zanych<\/li>\n\n\n\n<li>Us\u0142ugi Newslettera (w tym przesy\u0142ania za zgod\u0105 tre\u015bci reklamowych)<\/li>\n\n\n\n<li>Us\u0142ugi komentowania \/ polubienia wpis\u00f3w w Serwisie bez konieczno\u015bci rejestrowania si\u0119<\/li>\n<\/ul>\n<\/li>\n\n\n\n<li>Komunikacji Administratora z U\u017cytkownikami w sprawach zwi\u0105zanych z Serwisem oraz ochrony danych<\/li>\n\n\n\n<li>Zapewnienia prawnie uzasadnionego interesu Administratora<\/li>\n<\/ul>\n\n\n\n<h4 class=\"wp-block-heading\">Jakie s\u0105 podstawy prawne przetwarzania danych?<\/h4>\n\n\n\n<p>Serwis gromadzi i przetwarza dane U\u017cytkownik\u00f3w na podstawie:<\/p>\n\n\n\n<ul class=\"wp-block-list\">\n<li>Rozporz\u0105dzenia Parlamentu Europejskiego i Rady (UE) 2016\/679 z dnia 27 kwietnia 2016 r. w sprawie ochrony os\u00f3b fizycznych w zwi\u0105zku z przetwarzaniem danych osobowych i w sprawie swobodnego przep\u0142ywu takich danych oraz uchylenia dyrektywy 95\/46\/WE (og\u00f3lne rozporz\u0105dzenie o ochronie danych)\n<ul class=\"wp-block-list\">\n<li>art. 6 ust. 1 lit. a<br>osoba, kt\u00f3rej dane dotycz\u0105 wyrazi\u0142a zgod\u0119 na przetwarzanie swoich danych osobowych w jednym lub wi\u0119kszej liczbie okre\u015blonych cel\u00f3w<\/li>\n\n\n\n<li>art. 6 ust. 1 lit. b<br>przetwarzanie jest niezb\u0119dne do wykonania umowy, kt\u00f3rej stron\u0105 jest osoba, kt\u00f3rej dane dotycz\u0105, lub do podj\u0119cia dzia\u0142a\u0144 na \u017c\u0105danie osoby, kt\u00f3rej dane dotycz\u0105, przed zawarciem umowy<\/li>\n\n\n\n<li>art. 6 ust. 1 lit. f<br>przetwarzanie jest niezb\u0119dne do cel\u00f3w wynikaj\u0105cych z prawnie uzasadnionych interes\u00f3w realizowanych przez administratora lub przez stron\u0119 trzeci\u0105<\/li>\n<\/ul>\n<\/li>\n\n\n\n<li>Ustawa z dnia 10 maja 2018 r. o ochronie danych osobowych (Dz.U. 2018 poz. 1000)<\/li>\n\n\n\n<li>Ustawa z dnia 16 lipca 2004 r. Prawo telekomunikacyjne (Dz.U. 2004 nr 171 poz. 1800)<\/li>\n\n\n\n<li>Ustawa z dnia 4 lutego 1994 r. o prawie autorskim i prawach pokrewnych (Dz. U. 1994 Nr 24 poz. 83)<\/li>\n<\/ul>\n\n\n\n<h4 class=\"wp-block-heading\">Jaki jest prawnie uzasadniony interes realizowany przez Administratora?<\/h4>\n\n\n\n<ul class=\"wp-block-list\">\n<li>W celu ewentualnego ustalenia, dochodzenia lub obrony przed roszczeniami \u2013 podstaw\u0105 prawn\u0105 przetwarzania jest nasz uzasadniony interes (art. 6 ust. 1 lit. f) RODO) polegaj\u0105cy na ochronie naszych praw, w tym mi\u0119dzy innymi;<\/li>\n\n\n\n<li>W celu oceny ryzyka potencjalnych klient\u00f3w<\/li>\n\n\n\n<li>W celu oceny planowanych kampanii marketingowych<\/li>\n\n\n\n<li>W celu realizacji marketingu bezpo\u015bredniego<\/li>\n<\/ul>\n\n\n\n<h4 class=\"wp-block-heading\">Przez jaki okres przetwarzamy dane osobowe?<\/h4>\n\n\n\n<p>Co do zasady, wskazane dane osobowe s\u0105 przechowywane wy\u0142\u0105cznie przez okres \u015bwiadczenia us\u0142ugi w ramach prowadzonego serwisu przez Administratora. S\u0105 one usuwane lub anonimizowane w okresie do 30 dni od chwili zako\u0144czenia \u015bwiadczenia us\u0142ug (np. usuni\u0119cie zarejestrowanego konta u\u017cytkownika, wypisanie z listy Newsletter, itp.)<\/p>\n\n\n\n<p>W wyj\u0105tkowych sytuacjach, w celu zabezpieczenie prawnie uzasadnionego interesu realizowanego przez Administratora, okres ten mo\u017ce ulec wyd\u0142u\u017ceniu. W takiej sytuacji Administrator b\u0119dzie przechowywa\u0142 wskazane dane, od czasu \u017c\u0105dania ich usuni\u0119cia przez U\u017cytkownika, nie d\u0142u\u017cej ni\u017c przez okres 3 lat w przypadku naruszenia lub podejrzenia naruszenia zapis\u00f3w regulaminu serwisu przez osob\u0119, kt\u00f3rej dane dotycz\u0105.<\/p>\n\n\n\n<h4 class=\"wp-block-heading\">Kto jest odbiorc\u0105 danych w tym danych osobowych?<\/h4>\n\n\n\n<p>Co do zasady jedynym odbiorc\u0105 danych jest Administrator.<\/p>\n\n\n\n<p>Przetwarzanie danych mo\u017ce jednak by\u0107 powierzone innym podmiotom, realizuj\u0105cym us\u0142ugi na rzecz Administratora w celu utrzymania dzia\u0142alno\u015bci Serwisu.<\/p>\n\n\n\n<p>Do podmiot\u00f3w takich mo\u017cna zaliczy\u0107 mi\u0119dzy innymi:<\/p>\n\n\n\n<ul class=\"wp-block-list\">\n<li>Firmy hostingowe, \u015bwiadcz\u0105ce us\u0142ugi hostingu lub us\u0142ug pokrewnych dla Administratora<\/li>\n\n\n\n<li>Firmy, za po\u015brednictwem kt\u00f3rych \u015bwiadczona jest us\u0142uga Newslettera<\/li>\n<\/ul>\n\n\n\n<h4 class=\"wp-block-heading\">Czy Pa\u0144stwa dane osobowe b\u0119d\u0105 przekazywane poza Uni\u0119 Europejsk\u0105?<\/h4>\n\n\n\n<p>Dane osobowe nie b\u0119d\u0105 przekazywane poza Uni\u0119 Europejsk\u0105, chyba \u017ce zosta\u0142y opublikowane na skutek indywidualnego dzia\u0142ania U\u017cytkownika (np. wprowadzenie komentarza lub wpisu), co sprawi, \u017ce dane b\u0119d\u0105 dost\u0119pne dla ka\u017cdej osoby odwiedzaj\u0105cej serwis.<\/p>\n\n\n\n<h4 class=\"wp-block-heading\">Czy dane osobowe b\u0119d\u0105 podstaw\u0105 zautomatyzowanego podejmowania decyzji?<\/h4>\n\n\n\n<p>Dane osobowe nie b\u0119d\u0105 wykorzystywane do zautomatyzowanego podejmowania decyzji (profilowania).<\/p>\n\n\n\n<h4 class=\"wp-block-heading\">Jakie maj\u0105 Pa\u0144stwo prawa zwi\u0105zane z przetwarzaniem danych osobowych?<\/h4>\n\n\n\n<ul class=\"wp-block-list\">\n<li>Prawo dost\u0119pu do danych osobowych<br>U\u017cytkownikom przys\u0142uguje prawo uzyskania dost\u0119pu do swoich danych osobowych, realizowane na \u017c\u0105danie z\u0142o\u017cone do Administratora<\/li>\n\n\n\n<li>Prawo do sprostowania danych osobowych<br>U\u017cytkownikom przys\u0142uguje prawo \u017c\u0105dania od Administratora niezw\u0142ocznego sprostowania danych osobowych, kt\u00f3re s\u0105 nieprawid\u0142owe lub \/ oraz uzupe\u0142nienia niekompletnych danych osobowych, realizowane na \u017c\u0105danie z\u0142o\u017cone do Administratora<\/li>\n\n\n\n<li>Prawo do usuni\u0119cia danych osobowych<br>U\u017cytkownikom przys\u0142uguje prawo \u017c\u0105dania od Administratora niezw\u0142ocznego usuni\u0119cia danych osobowych, realizowane na \u017c\u0105danie z\u0142o\u017cone do Administratora.<br><br>W przypadku kont u\u017cytkownik\u00f3w, usuni\u0119cie danych polega na anonimizacji danych umo\u017cliwiaj\u0105cych identyfikacj\u0119 U\u017cytkownika.<br><br>W przypadku us\u0142ugi Newsletter, U\u017cytkownik ma mo\u017cliwo\u015b\u0107 samodzielnego usuni\u0119cia swoich danych osobowych korzystaj\u0105c z odno\u015bnika umieszczonego w ka\u017cdej przesy\u0142anej wiadomo\u015bci e-mail.<\/li>\n\n\n\n<li>Prawo do ograniczenia przetwarzania danych osobowych<br>U\u017cytkownikom przys\u0142uguje prawo ograniczenia przetwarzania danych osobowych w przypadkach wskazanych w art. 18 RODO, m.in. kwestionowania prawid\u0142owo\u015b\u0107 danych osobowych, realizowane na \u017c\u0105danie z\u0142o\u017cone do Administratora<\/li>\n\n\n\n<li>Prawo do przenoszenia danych osobowych<br>U\u017cytkownikom przys\u0142uguje prawo uzyskania od Administratora, danych osobowych dotycz\u0105cych U\u017cytkownika w ustrukturyzowanym, powszechnie u\u017cywanym formacie nadaj\u0105cym si\u0119 do odczytu maszynowego, realizowane na \u017c\u0105danie z\u0142o\u017cone do Administratora<\/li>\n\n\n\n<li>Prawo wniesienia sprzeciwu wobec przetwarzania danych osobowych<br>U\u017cytkownikom przys\u0142uguje prawo wniesienia sprzeciwu wobec przetwarzania jego danych osobowych w przypadkach okre\u015blonych w art. 21 RODO, realizowane na \u017c\u0105danie z\u0142o\u017cone do Administratora<\/li>\n\n\n\n<li>Prawo wniesienia skargi<br>U\u017cytkownikom przys\u0142uguje prawo wniesienia skargi do organu nadzorczego zajmuj\u0105cego si\u0119 ochron\u0105 danych osobowych<\/li>\n<\/ul>\n","protected":false},"excerpt":{"rendered":"<p>Poni\u017csza informacja stanowi zwi\u0119z\u0142y, zrozumia\u0142y i przejrzysty skr\u00f3t informacji zamieszczonych w&nbsp;Polityce Prywatno\u015bci&nbsp;odno\u015bnie Administratora danych, celu i sposobu przetwarzania danych osobowych [&hellip;]<\/p>\n","protected":false},"author":1,"featured_media":0,"parent":0,"menu_order":0,"comment_status":"closed","ping_status":"closed","template":"","meta":{"site-sidebar-layout":"default","site-content-layout":"","ast-site-content-layout":"default","site-content-style":"default","site-sidebar-style":"default","ast-global-header-display":"","ast-banner-title-visibility":"","ast-main-header-display":"","ast-hfb-above-header-display":"","ast-hfb-below-header-display":"","ast-hfb-mobile-header-display":"","site-post-title":"","ast-breadcrumbs-content":"","ast-featured-img":"","footer-sml-layout":"","theme-transparent-header-meta":"","adv-header-id-meta":"","stick-header-meta":"","header-above-stick-meta":"","header-main-stick-meta":"","header-below-stick-meta":"","astra-migrate-meta-layouts":"default","ast-page-background-enabled":"default","ast-page-background-meta":{"desktop":{"background-color":"var(--ast-global-color-5)","background-image":"","background-repeat":"repeat","background-position":"center center","background-size":"auto","background-attachment":"scroll","background-type":"","background-media":"","overlay-type":"","overlay-color":"","overlay-opacity":"","overlay-gradient":""},"tablet":{"background-color":"","background-image":"","background-repeat":"repeat","background-position":"center center","background-size":"auto","background-attachment":"scroll","background-type":"","background-media":"","overlay-type":"","overlay-color":"","overlay-opacity":"","overlay-gradient":""},"mobile":{"background-color":"","background-image":"","background-repeat":"repeat","background-position":"center center","background-size":"auto","background-attachment":"scroll","background-type":"","background-media":"","overlay-type":"","overlay-color":"","overlay-opacity":"","overlay-gradient":""}},"ast-content-background-meta":{"desktop":{"background-color":"var(--ast-global-color-4)","background-image":"","background-repeat":"repeat","background-position":"center center","background-size":"auto","background-attachment":"scroll","background-type":"","background-media":"","overlay-type":"","overlay-color":"","overlay-opacity":"","overlay-gradient":""},"tablet":{"background-color":"var(--ast-global-color-4)","background-image":"","background-repeat":"repeat","background-position":"center center","background-size":"auto","background-attachment":"scroll","background-type":"","background-media":"","overlay-type":"","overlay-color":"","overlay-opacity":"","overlay-gradient":""},"mobile":{"background-color":"var(--ast-global-color-4)","background-image":"","background-repeat":"repeat","background-position":"center center","background-size":"auto","background-attachment":"scroll","background-type":"","background-media":"","overlay-type":"","overlay-color":"","overlay-opacity":"","overlay-gradient":""}},"footnotes":""},"class_list":["post-309","page","type-page","status-publish","hentry"],"_links":{"self":[{"href":"https:\/\/dulinski.com.pl\/index.php?rest_route=\/wp\/v2\/pages\/309","targetHints":{"allow":["GET"]}}],"collection":[{"href":"https:\/\/dulinski.com.pl\/index.php?rest_route=\/wp\/v2\/pages"}],"about":[{"href":"https:\/\/dulinski.com.pl\/index.php?rest_route=\/wp\/v2\/types\/page"}],"author":[{"embeddable":true,"href":"https:\/\/dulinski.com.pl\/index.php?rest_route=\/wp\/v2\/users\/1"}],"replies":[{"embeddable":true,"href":"https:\/\/dulinski.com.pl\/index.php?rest_route=%2Fwp%2Fv2%2Fcomments&post=309"}],"version-history":[{"count":1,"href":"https:\/\/dulinski.com.pl\/index.php?rest_route=\/wp\/v2\/pages\/309\/revisions"}],"predecessor-version":[{"id":310,"href":"https:\/\/dulinski.com.pl\/index.php?rest_route=\/wp\/v2\/pages\/309\/revisions\/310"}],"wp:attachment":[{"href":"https:\/\/dulinski.com.pl\/index.php?rest_route=%2Fwp%2Fv2%2Fmedia&parent=309"}],"curies":[{"name":"wp","href":"https:\/\/api.w.org\/{rel}","templated":true}]}}